{"id":8974,"date":"2022-11-14T19:19:39","date_gmt":"2022-11-14T19:19:39","guid":{"rendered":"https:\/\/recrutementspvm.ca\/benefits\/"},"modified":"2025-07-04T21:35:13","modified_gmt":"2025-07-04T21:35:13","slug":"benefits","status":"publish","type":"page","link":"https:\/\/recrutementspvm.ca\/en\/benefits\/","title":{"rendered":"Benefits"},"content":{"rendered":"\t\t<div data-elementor-type=\"wp-page\" data-elementor-id=\"8974\" class=\"elementor elementor-8974 elementor-7220\" data-elementor-post-type=\"page\">\n\t\t\t\t\t\t<section class=\"elementor-section elementor-top-section elementor-element elementor-element-61766113 elementor-section-content-top elementor-section-boxed elementor-section-height-default elementor-section-height-default\" data-id=\"61766113\" data-element_type=\"section\" data-e-type=\"section\">\n\t\t\t\t\t\t<div class=\"elementor-container elementor-column-gap-default\">\n\t\t\t\t\t<div class=\"elementor-column elementor-col-50 elementor-top-column elementor-element elementor-element-1d6d9db9\" data-id=\"1d6d9db9\" data-element_type=\"column\" data-e-type=\"column\">\n\t\t\t<div class=\"elementor-widget-wrap elementor-element-populated\">\n\t\t\t\t\t\t<div class=\"elementor-element elementor-element-1a8ff85 menuTitle animated-fast elementor-invisible elementor-widget elementor-widget-heading\" data-id=\"1a8ff85\" data-element_type=\"widget\" data-e-type=\"widget\" data-settings=\"{&quot;_animation&quot;:&quot;fadeInUp&quot;}\" data-widget_type=\"heading.default\">\n\t\t\t\t<div class=\"elementor-widget-container\">\n\t\t\t\t\t<h2 class=\"elementor-heading-title elementor-size-default\">POLICE OFFICER<\/h2>\t\t\t\t<\/div>\n\t\t\t\t<\/div>\n\t\t\t\t<section class=\"elementor-section elementor-inner-section elementor-element elementor-element-243a2a32 elementor-section-boxed elementor-section-height-default elementor-section-height-default\" data-id=\"243a2a32\" data-element_type=\"section\" data-e-type=\"section\">\n\t\t\t\t\t\t<div class=\"elementor-container elementor-column-gap-default\">\n\t\t\t\t\t<div class=\"elementor-column elementor-col-100 elementor-inner-column elementor-element elementor-element-2802aaf elementor-hidden-tablet\" data-id=\"2802aaf\" data-element_type=\"column\" data-e-type=\"column\">\n\t\t\t<div class=\"elementor-widget-wrap elementor-element-populated\">\n\t\t\t\t\t\t<div class=\"elementor-element elementor-element-12a61f00 elementor-nav-menu__align-start sideBar elementor-widget__width-initial elementor-nav-menu--stretch elementor-nav-menu--dropdown-tablet elementor-nav-menu__text-align-aside elementor-nav-menu--toggle elementor-nav-menu--burger elementor-widget elementor-widget-nav-menu\" data-id=\"12a61f00\" data-element_type=\"widget\" data-e-type=\"widget\" data-settings=\"{&quot;submenu_icon&quot;:{&quot;value&quot;:&quot;&lt;i class=\\&quot;\\&quot; aria-hidden=\\&quot;true\\&quot;&gt;&lt;\\\/i&gt;&quot;,&quot;library&quot;:&quot;&quot;},&quot;full_width&quot;:&quot;stretch&quot;,&quot;layout&quot;:&quot;horizontal&quot;,&quot;toggle&quot;:&quot;burger&quot;}\" data-widget_type=\"nav-menu.default\">\n\t\t\t\t<div class=\"elementor-widget-container\">\n\t\t\t\t\t\t\t\t<nav aria-label=\"Menu\" class=\"elementor-nav-menu--main elementor-nav-menu__container elementor-nav-menu--layout-horizontal e--pointer-none\">\n\t\t\t\t<ul id=\"menu-1-12a61f00\" class=\"elementor-nav-menu\"><li class=\"menu-item menu-item-type-post_type menu-item-object-page menu-item-9046\"><a href=\"https:\/\/recrutementspvm.ca\/en\/benefits\/\" class=\"elementor-item\">Benefits<\/a><\/li>\n<li class=\"menu-item menu-item-type-post_type menu-item-object-page menu-item-9047\"><a href=\"https:\/\/recrutementspvm.ca\/en\/selection-interview\/\" class=\"elementor-item\">Selection interview<\/a><\/li>\n<li class=\"menu-item menu-item-type-post_type menu-item-object-page menu-item-9048\"><a href=\"https:\/\/recrutementspvm.ca\/en\/aec-police-diversity-program\/\" class=\"elementor-item\">AEC POLICE DIVERSITY PROGRAM<\/a><\/li>\n<li class=\"menu-item menu-item-type-post_type menu-item-object-page menu-item-12233\"><a href=\"https:\/\/recrutementspvm.ca\/en\/external-police-officer\/\" class=\"elementor-item\">External police officer<\/a><\/li>\n<li class=\"menu-item menu-item-type-post_type menu-item-object-page menu-item-9049\"><a href=\"https:\/\/recrutementspvm.ca\/en\/apply-for-a-job\/\" class=\"elementor-item\">Apply for a job<\/a><\/li>\n<li class=\"menu-item menu-item-type-post_type menu-item-object-page menu-item-11606\"><a href=\"https:\/\/recrutementspvm.ca\/en\/police-integration-program-immersion-mtl\/\" class=\"elementor-item\">POLICE INTEGRATION PROGRAM <br>IMMERSION MTL<\/a><\/li>\n<li class=\"menu-item menu-item-type-post_type menu-item-object-page menu-item-9050\"><a href=\"https:\/\/recrutementspvm.ca\/en\/faqs\/\" class=\"elementor-item\">FAQs<\/a><\/li>\n<\/ul>\t\t\t<\/nav>\n\t\t\t\t\t<div class=\"elementor-menu-toggle\" role=\"button\" tabindex=\"0\" aria-label=\"Menu Toggle\" aria-expanded=\"false\">\n\t\t\t<i aria-hidden=\"true\" role=\"presentation\" class=\"elementor-menu-toggle__icon--open eicon-menu-bar\"><\/i><i aria-hidden=\"true\" role=\"presentation\" class=\"elementor-menu-toggle__icon--close eicon-close\"><\/i>\t\t<\/div>\n\t\t\t\t\t<nav class=\"elementor-nav-menu--dropdown elementor-nav-menu__container\" aria-hidden=\"true\">\n\t\t\t\t<ul id=\"menu-2-12a61f00\" class=\"elementor-nav-menu\"><li class=\"menu-item menu-item-type-post_type menu-item-object-page menu-item-9046\"><a href=\"https:\/\/recrutementspvm.ca\/en\/benefits\/\" class=\"elementor-item\" tabindex=\"-1\">Benefits<\/a><\/li>\n<li class=\"menu-item menu-item-type-post_type menu-item-object-page menu-item-9047\"><a href=\"https:\/\/recrutementspvm.ca\/en\/selection-interview\/\" class=\"elementor-item\" tabindex=\"-1\">Selection interview<\/a><\/li>\n<li class=\"menu-item menu-item-type-post_type menu-item-object-page menu-item-9048\"><a href=\"https:\/\/recrutementspvm.ca\/en\/aec-police-diversity-program\/\" class=\"elementor-item\" tabindex=\"-1\">AEC POLICE DIVERSITY PROGRAM<\/a><\/li>\n<li class=\"menu-item menu-item-type-post_type menu-item-object-page menu-item-12233\"><a href=\"https:\/\/recrutementspvm.ca\/en\/external-police-officer\/\" class=\"elementor-item\" tabindex=\"-1\">External police officer<\/a><\/li>\n<li class=\"menu-item menu-item-type-post_type menu-item-object-page menu-item-9049\"><a href=\"https:\/\/recrutementspvm.ca\/en\/apply-for-a-job\/\" class=\"elementor-item\" tabindex=\"-1\">Apply for a job<\/a><\/li>\n<li class=\"menu-item menu-item-type-post_type menu-item-object-page menu-item-11606\"><a href=\"https:\/\/recrutementspvm.ca\/en\/police-integration-program-immersion-mtl\/\" class=\"elementor-item\" tabindex=\"-1\">POLICE INTEGRATION PROGRAM <br>IMMERSION MTL<\/a><\/li>\n<li class=\"menu-item menu-item-type-post_type menu-item-object-page menu-item-9050\"><a href=\"https:\/\/recrutementspvm.ca\/en\/faqs\/\" class=\"elementor-item\" tabindex=\"-1\">FAQs<\/a><\/li>\n<\/ul>\t\t\t<\/nav>\n\t\t\t\t\t\t<\/div>\n\t\t\t\t<\/div>\n\t\t\t\t\t<\/div>\n\t\t<\/div>\n\t\t\t\t\t<\/div>\n\t\t<\/section>\n\t\t\t\t\t<\/div>\n\t\t<\/div>\n\t\t\t\t<div class=\"elementor-column elementor-col-50 elementor-top-column elementor-element elementor-element-4b2749c1\" data-id=\"4b2749c1\" data-element_type=\"column\" data-e-type=\"column\">\n\t\t\t<div class=\"elementor-widget-wrap elementor-element-populated\">\n\t\t\t\t\t\t<div class=\"elementor-element elementor-element-1581359 cover elementor-hidden-desktop elementor-hidden-tablet elementor-hidden-mobile elementor-widget elementor-widget-image\" data-id=\"1581359\" data-element_type=\"widget\" data-e-type=\"widget\" data-widget_type=\"image.default\">\n\t\t\t\t<div class=\"elementor-widget-container\">\n\t\t\t\t\t\t\t\t\t\t\t\t\t\t\t<img decoding=\"async\" src=\"https:\/\/www.recrutementspvm.ca\/wp-content\/uploads\/2022\/11\/Policier.png\" title=\"Policier\" alt=\"Policier\" loading=\"lazy\" \/>\t\t\t\t\t\t\t\t\t\t\t\t\t\t\t<\/div>\n\t\t\t\t<\/div>\n\t\t\t\t<div class=\"elementor-element elementor-element-1226b84 elementor-widget elementor-widget-video\" data-id=\"1226b84\" data-element_type=\"widget\" data-e-type=\"widget\" data-settings=\"{&quot;youtube_url&quot;:&quot;https:\\\/\\\/youtu.be\\\/wU5NsiKwr_Q&quot;,&quot;autoplay&quot;:&quot;yes&quot;,&quot;loop&quot;:&quot;yes&quot;,&quot;video_type&quot;:&quot;youtube&quot;,&quot;controls&quot;:&quot;yes&quot;}\" data-widget_type=\"video.default\">\n\t\t\t\t<div class=\"elementor-widget-container\">\n\t\t\t\t\t\t\t<div class=\"elementor-wrapper elementor-open-inline\">\n\t\t\t<div class=\"elementor-video\"><\/div>\t\t<\/div>\n\t\t\t\t\t\t<\/div>\n\t\t\t\t<\/div>\n\t\t\t\t<div class=\"elementor-element elementor-element-73b9de9e elementor-widget elementor-widget-heading\" data-id=\"73b9de9e\" data-element_type=\"widget\" data-e-type=\"widget\" data-widget_type=\"heading.default\">\n\t\t\t\t<div class=\"elementor-widget-container\">\n\t\t\t\t\t<h2 class=\"elementor-heading-title elementor-size-default\">BENEFITS<\/h2>\t\t\t\t<\/div>\n\t\t\t\t<\/div>\n\t\t\t\t<div class=\"elementor-element elementor-element-a029d31 elementor-widget elementor-widget-heading\" data-id=\"a029d31\" data-element_type=\"widget\" data-e-type=\"widget\" data-widget_type=\"heading.default\">\n\t\t\t\t<div class=\"elementor-widget-container\">\n\t\t\t\t\t<h2 class=\"elementor-heading-title elementor-size-default\">IMPROVED CONDITIONS<\/h2>\t\t\t\t<\/div>\n\t\t\t\t<\/div>\n\t\t\t\t<div class=\"elementor-element elementor-element-89b3a19 sousTitreContent elementor-widget elementor-widget-heading\" data-id=\"89b3a19\" data-element_type=\"widget\" data-e-type=\"widget\" data-widget_type=\"heading.default\">\n\t\t\t\t<div class=\"elementor-widget-container\">\n\t\t\t\t\t<h3 class=\"elementor-heading-title elementor-size-default\"><b>Candidates et candidats provenant de la technique polici\u00e8re et du programme AEC diversit\u00e9<\/b><\/h3>\t\t\t\t<\/div>\n\t\t\t\t<\/div>\n\t\t\t\t<div class=\"elementor-element elementor-element-47f8430 texteABulles elementor-widget elementor-widget-text-editor\" data-id=\"47f8430\" data-element_type=\"widget\" data-e-type=\"widget\" data-widget_type=\"text-editor.default\">\n\t\t\t\t<div class=\"elementor-widget-container\">\n\t\t\t\t\t\t\t\t\t<p>Pursuing a career at the SPVM means joining a team dedicated to serving the Montr\u00e9al population with attractive working conditions:<\/p><ul><li>Reimbursement of training expenses for all graduates of the \u00c9cole nationale de police du Qu\u00e9bec (ENPQ) \u2013 in exchange for a commitment to serve with the SPVM for the next five years<\/li><li>Competitive compensation and benefits:<ul><li>Starting salary (2025): $60,058 (including metropolitan premium)<br \/>o Salary after 12 months (2026): $69,434 (including metropolitan premium)<\/li><li>Top of the salary scale after six years. For example: in 2026, with six years of service, a neighbourhood police officer\u2019s salary will be $112,082 (including city bonus)<\/li><li>maximum time working as a permanent auxiliary is 24 months<\/li><li>Introduction of a patrol bonus (applicable to police officers assigned to patrolling Montr\u00e9al and responding to calls for service):<ul><li>1.0% as from January 1, 2025<\/li><li>1.0% as from January 1, 2026 totalling 2%<br \/>o guaranteed weekend (one Saturday and Sunday per 35-day cycle or two weekends per 70-day cycle)<\/li><\/ul><\/li><\/ul><\/li><li>Work-life balance:<ul><li>Implementation of a new working time mapping at neighbourhood police stations:<ul><li>35% of personnel will work on a 21-14-35 basis (21 days of work and 14 days of leave over a 35-day cycle)<\/li><li>25% of personnel will work on a 19-16-35 basis (19 days of work and 16 days of leave over a 35-day cycle) and three weekends per 35-day cycle<\/li><li>33% of personnel will work one day on and one day off, with one mainly night team and five mainly day teams with seven night shifts per 70-day cycle<\/li><\/ul><\/li><\/ul><\/li><li>Development of career prospects:<ul><li>Police integration program including theoretical, practical and immersive components lasting approximately eight weeks<\/li><li>Recruit intake and integration program (PAIR): coaching during the first 15 weeks in the position<\/li><li>More than 150 police functions at the SPVM. A police officer can hold numerous police occupations throughout their career according to their abilities and interests<\/li><li>Possibility to compete in the Police Sergeant or Police Detective examinations after five years at the SPVM<\/li><\/ul><\/li><li>Transition towards innovative equipment:<ul><li>The SPVM is currently moving towards deployment of new 3A protection level bulletproof vests with an ergonomic design<\/li><\/ul><\/li><\/ul>\t\t\t\t\t\t\t\t<\/div>\n\t\t\t\t<\/div>\n\t\t\t\t\t<\/div>\n\t\t<\/div>\n\t\t\t\t\t<\/div>\n\t\t<\/section>\n\t\t\t\t<section class=\"elementor-section elementor-top-section elementor-element elementor-element-1f656021 elementor-section-content-middle elementor-section-height-min-height footer elementor-section-boxed elementor-section-height-default elementor-section-items-middle\" data-id=\"1f656021\" data-element_type=\"section\" data-e-type=\"section\" data-settings=\"{&quot;background_background&quot;:&quot;classic&quot;}\">\n\t\t\t\t\t\t<div class=\"elementor-container elementor-column-gap-narrow\">\n\t\t\t\t\t<div class=\"elementor-column elementor-col-33 elementor-top-column elementor-element elementor-element-4261b4b6\" data-id=\"4261b4b6\" data-element_type=\"column\" data-e-type=\"column\">\n\t\t\t<div class=\"elementor-widget-wrap elementor-element-populated\">\n\t\t\t\t\t\t<div class=\"elementor-element elementor-element-63f5a69a elementor-widget elementor-widget-heading\" data-id=\"63f5a69a\" data-element_type=\"widget\" data-e-type=\"widget\" data-widget_type=\"heading.default\">\n\t\t\t\t<div class=\"elementor-widget-container\">\n\t\t\t\t\t<h2 class=\"elementor-heading-title elementor-size-default\"><span style=\"color: white;background-color: #2B3145;height: 30px;padding: 0px 10px 0 10px;display: flex;align-items: center\">spvm.qc.ca<span style=\"color: inherit;letter-spacing: -0.4px\"><\/span><\/span><\/h2>\t\t\t\t<\/div>\n\t\t\t\t<\/div>\n\t\t\t\t\t<\/div>\n\t\t<\/div>\n\t\t\t\t<div class=\"elementor-column elementor-col-33 elementor-top-column elementor-element elementor-element-2c8e07a6\" data-id=\"2c8e07a6\" data-element_type=\"column\" data-e-type=\"column\">\n\t\t\t<div class=\"elementor-widget-wrap elementor-element-populated\">\n\t\t\t\t\t\t<div class=\"elementor-element elementor-element-a959af6 elementor-widget elementor-widget-image\" data-id=\"a959af6\" data-element_type=\"widget\" data-e-type=\"widget\" data-widget_type=\"image.default\">\n\t\t\t\t<div class=\"elementor-widget-container\">\n\t\t\t\t\t\t\t\t\t\t\t\t\t\t\t<img decoding=\"async\" width=\"1\" height=\"1\" src=\"https:\/\/www.recrutementspvm.ca\/wp-content\/uploads\/2023\/03\/Logo_Montreal.svg\" class=\"attachment-large size-large wp-image-9632\" alt=\"\" \/>\t\t\t\t\t\t\t\t\t\t\t\t\t\t\t<\/div>\n\t\t\t\t<\/div>\n\t\t\t\t\t<\/div>\n\t\t<\/div>\n\t\t\t\t<div class=\"elementor-column elementor-col-33 elementor-top-column elementor-element elementor-element-3b81a6b1\" data-id=\"3b81a6b1\" data-element_type=\"column\" data-e-type=\"column\">\n\t\t\t<div class=\"elementor-widget-wrap elementor-element-populated\">\n\t\t\t\t\t\t<div class=\"elementor-element elementor-element-3291f714 elementor-shape-circle elementor-grid-0 e-grid-align-center elementor-widget elementor-widget-social-icons\" data-id=\"3291f714\" data-element_type=\"widget\" data-e-type=\"widget\" data-widget_type=\"social-icons.default\">\n\t\t\t\t<div class=\"elementor-widget-container\">\n\t\t\t\t\t\t\t<div class=\"elementor-social-icons-wrapper elementor-grid\" role=\"list\">\n\t\t\t\t\t\t\t<span class=\"elementor-grid-item\" role=\"listitem\">\n\t\t\t\t\t<a class=\"elementor-icon elementor-social-icon elementor-social-icon-facebook elementor-repeater-item-08428d5\" href=\"https:\/\/www.facebook.com\/SPVMpolice\" target=\"_blank\">\n\t\t\t\t\t\t<span class=\"elementor-screen-only\">Facebook<\/span>\n\t\t\t\t\t\t<i aria-hidden=\"true\" class=\"fab fa-facebook\"><\/i>\t\t\t\t\t<\/a>\n\t\t\t\t<\/span>\n\t\t\t\t\t\t\t<span class=\"elementor-grid-item\" role=\"listitem\">\n\t\t\t\t\t<a class=\"elementor-icon elementor-social-icon elementor-social-icon-twitter elementor-repeater-item-01558c5\" href=\"https:\/\/twitter.com\/spvm\" target=\"_blank\">\n\t\t\t\t\t\t<span class=\"elementor-screen-only\">Twitter<\/span>\n\t\t\t\t\t\t<i aria-hidden=\"true\" class=\"fab fa-twitter\"><\/i>\t\t\t\t\t<\/a>\n\t\t\t\t<\/span>\n\t\t\t\t\t\t\t<span class=\"elementor-grid-item\" role=\"listitem\">\n\t\t\t\t\t<a class=\"elementor-icon elementor-social-icon elementor-social-icon-flickr elementor-repeater-item-a312cee\" target=\"_blank\">\n\t\t\t\t\t\t<span class=\"elementor-screen-only\">Flickr<\/span>\n\t\t\t\t\t\t<i aria-hidden=\"true\" class=\"fab fa-flickr\"><\/i>\t\t\t\t\t<\/a>\n\t\t\t\t<\/span>\n\t\t\t\t\t\t\t<span class=\"elementor-grid-item\" role=\"listitem\">\n\t\t\t\t\t<a class=\"elementor-icon elementor-social-icon elementor-social-icon-instagram elementor-repeater-item-0c8e94d\" href=\"https:\/\/www.instagram.com\/spvmpolice\/\" target=\"_blank\">\n\t\t\t\t\t\t<span class=\"elementor-screen-only\">Instagram<\/span>\n\t\t\t\t\t\t<i aria-hidden=\"true\" class=\"fab fa-instagram\"><\/i>\t\t\t\t\t<\/a>\n\t\t\t\t<\/span>\n\t\t\t\t\t\t\t<span class=\"elementor-grid-item\" role=\"listitem\">\n\t\t\t\t\t<a class=\"elementor-icon elementor-social-icon elementor-social-icon-youtube elementor-repeater-item-1ad95a2\" href=\"https:\/\/www.youtube.com\/user\/spvmvideos\" target=\"_blank\">\n\t\t\t\t\t\t<span class=\"elementor-screen-only\">Youtube<\/span>\n\t\t\t\t\t\t<i aria-hidden=\"true\" class=\"fab fa-youtube\"><\/i>\t\t\t\t\t<\/a>\n\t\t\t\t<\/span>\n\t\t\t\t\t<\/div>\n\t\t\t\t\t\t<\/div>\n\t\t\t\t<\/div>\n\t\t\t\t\t<\/div>\n\t\t<\/div>\n\t\t\t\t\t<\/div>\n\t\t<\/section>\n\t\t\t\t<\/div>\n\t\t","protected":false},"excerpt":{"rendered":"<p>POLICE OFFICER https:\/\/youtu.be\/wU5NsiKwr_Q BENEFITS IMPROVED CONDITIONS Candidates et candidats provenant de la technique polici\u00e8re et du programme AEC diversit\u00e9 Pursuing a career at the SPVM means joining a team dedicated to serving the Montr\u00e9al population with attractive working conditions: Reimbursement of training expenses for all graduates of the \u00c9cole nationale de police du Qu\u00e9bec (ENPQ) [&hellip;]<\/p>\n","protected":false},"author":1,"featured_media":0,"parent":0,"menu_order":0,"comment_status":"closed","ping_status":"closed","template":"","meta":{"footnotes":""},"class_list":["post-8974","page","type-page","status-publish","hentry"],"_links":{"self":[{"href":"https:\/\/recrutementspvm.ca\/en\/wp-json\/wp\/v2\/pages\/8974","targetHints":{"allow":["GET"]}}],"collection":[{"href":"https:\/\/recrutementspvm.ca\/en\/wp-json\/wp\/v2\/pages"}],"about":[{"href":"https:\/\/recrutementspvm.ca\/en\/wp-json\/wp\/v2\/types\/page"}],"author":[{"embeddable":true,"href":"https:\/\/recrutementspvm.ca\/en\/wp-json\/wp\/v2\/users\/1"}],"replies":[{"embeddable":true,"href":"https:\/\/recrutementspvm.ca\/en\/wp-json\/wp\/v2\/comments?post=8974"}],"version-history":[{"count":58,"href":"https:\/\/recrutementspvm.ca\/en\/wp-json\/wp\/v2\/pages\/8974\/revisions"}],"predecessor-version":[{"id":12561,"href":"https:\/\/recrutementspvm.ca\/en\/wp-json\/wp\/v2\/pages\/8974\/revisions\/12561"}],"wp:attachment":[{"href":"https:\/\/recrutementspvm.ca\/en\/wp-json\/wp\/v2\/media?parent=8974"}],"curies":[{"name":"wp","href":"https:\/\/api.w.org\/{rel}","templated":true}]}}